{"id":258,"date":"2018-05-08T11:29:06","date_gmt":"2018-05-08T11:29:06","guid":{"rendered":"http:\/\/expert-themes.com\/wp\/global-industry\/?page_id=258"},"modified":"2018-08-22T07:56:38","modified_gmt":"2018-08-22T05:56:38","slug":"noticias","status":"publish","type":"page","link":"https:\/\/combatzone.es\/index.php\/noticias\/","title":{"rendered":"Noticias"},"content":{"rendered":"<p><section class=\"kc-elm kc-css-267132 kc_row\"><div class=\"kc-row-container  kc-container\"><div class=\"kc-wrap-columns\"><div class=\"kc-elm kc-css-794962 kc_col-sm-12 kc_column kc_col-sm-12\"><div class=\"kc-col-container\">\r\n<!--Blog Page Section-->\r\n<section class=\"blog-page-section\">\r\n    <div class=\"auto-container\">\r\n        <div class=\"row clearfix\">\r\n            \r\n            <!--Content Side-->\t\r\n            <div class=\"content-side col-lg-9 col-md-8 col-sm-12 col-xs-12\">\r\n\r\n\t\t\t\t                <!--News Block Three-->\r\n                <div class=\"news-block-three col-lg-6 col-md-6 col-sm-6 col-xs-12\">\r\n                    <div class=\"inner-box\">\r\n                        <div class=\"image\">\r\n                            <img width=\"370\" height=\"240\" src=\"https:\/\/combatzone.es\/wp-content\/uploads\/2018\/05\/39883851_1830714960309491_7148012494756249600_n-370x240.jpg\" class=\"attachment-sanat_370x240 size-sanat_370x240 wp-post-image\" alt=\"\" loading=\"lazy\" \/>                            <a class=\"overlay-link\" href=\"https:\/\/combatzone.es\/index.php\/raccoon\/\"><span class=\"icon fa fa-link\"><\/span><\/a>\r\n                        <\/div>\r\n                        <div class=\"lower-content padd_btm\">\r\n                            <ul class=\"post-meta\">\r\n                                <li><span class=\"icon fa fa-comments-o\"><\/span>0 Comments<\/li>\r\n                                <li><span class=\"icon fa fa-user\"><\/span>admin-oscar<\/li>\r\n                                <li><span class=\"icon fa fa-calendar\"><\/span>8 mayo, 2018<\/li>\r\n                            <\/ul>\r\n                        <\/div>\r\n                        <div class=\"lower-content\">\r\n                            <h3><a href=\"https:\/\/combatzone.es\/index.php\/raccoon\/\">RACCOON<\/a><\/h3>\r\n                            <div class=\"text\">\u00bfAun no conoces la marca RACCOON? Es una marca nueva en Espa\u00f1a dedicada a los consumibles. Aqu\u00ed ten\u00e9is una muestra de algunas de ...<\/div>\r\n                            <a href=\"https:\/\/combatzone.es\/index.php\/raccoon\/\" class=\"theme-btn btn-style-three\">Read More<\/a>\r\n                        <\/div>\r\n                    <\/div>\r\n                <\/div>\r\n                                <!--News Block Three-->\r\n                <div class=\"news-block-three col-lg-6 col-md-6 col-sm-6 col-xs-12\">\r\n                    <div class=\"inner-box\">\r\n                        <div class=\"image\">\r\n                            <img width=\"370\" height=\"240\" src=\"https:\/\/combatzone.es\/wp-content\/uploads\/2018\/05\/20664498_1428824637165194_8085214331785573570_n-370x240.jpg\" class=\"attachment-sanat_370x240 size-sanat_370x240 wp-post-image\" alt=\"\" loading=\"lazy\" \/>                            <a class=\"overlay-link\" href=\"https:\/\/combatzone.es\/index.php\/carcasa-de-granada-the-devils\/\"><span class=\"icon fa fa-link\"><\/span><\/a>\r\n                        <\/div>\r\n                        <div class=\"lower-content padd_btm\">\r\n                            <ul class=\"post-meta\">\r\n                                <li><span class=\"icon fa fa-comments-o\"><\/span>0 Comments<\/li>\r\n                                <li><span class=\"icon fa fa-user\"><\/span>admin-oscar<\/li>\r\n                                <li><span class=\"icon fa fa-calendar\"><\/span>8 mayo, 2018<\/li>\r\n                            <\/ul>\r\n                        <\/div>\r\n                        <div class=\"lower-content\">\r\n                            <h3><a href=\"https:\/\/combatzone.es\/index.php\/carcasa-de-granada-the-devils\/\">carcasa de granada THE DEVIL&#8217;S<\/a><\/h3>\r\n                            <div class=\"text\">Tambien tendremos la semana que viene la nueva carcasa de granada THE DEVIL&#8217;S<\/div>\r\n                            <a href=\"https:\/\/combatzone.es\/index.php\/carcasa-de-granada-the-devils\/\" class=\"theme-btn btn-style-three\">Read More<\/a>\r\n                        <\/div>\r\n                    <\/div>\r\n                <\/div>\r\n                                <!--News Block Three-->\r\n                <div class=\"news-block-three col-lg-6 col-md-6 col-sm-6 col-xs-12\">\r\n                    <div class=\"inner-box\">\r\n                        <div class=\"image\">\r\n                            <img width=\"370\" height=\"240\" src=\"https:\/\/combatzone.es\/wp-content\/uploads\/2018\/05\/20664022_1606226712781845_8115634745881799352_n-370x240.jpg\" class=\"attachment-sanat_370x240 size-sanat_370x240 wp-post-image\" alt=\"\" loading=\"lazy\" \/>                            <a class=\"overlay-link\" href=\"https:\/\/combatzone.es\/index.php\/kit-cariber-de-black-hornet\/\"><span class=\"icon fa fa-link\"><\/span><\/a>\r\n                        <\/div>\r\n                        <div class=\"lower-content padd_btm\">\r\n                            <ul class=\"post-meta\">\r\n                                <li><span class=\"icon fa fa-comments-o\"><\/span>0 Comments<\/li>\r\n                                <li><span class=\"icon fa fa-user\"><\/span>admin-oscar<\/li>\r\n                                <li><span class=\"icon fa fa-calendar\"><\/span>8 mayo, 2018<\/li>\r\n                            <\/ul>\r\n                        <\/div>\r\n                        <div class=\"lower-content\">\r\n                            <h3><a href=\"https:\/\/combatzone.es\/index.php\/kit-cariber-de-black-hornet\/\">kit cariber de black hornet<\/a><\/h3>\r\n                            <div class=\"text\">El kit cariber de black hornet, proximamente en espa\u00f1a a traves de nuestros clientes! Ve reserv\u00e1ndola!! https:\/\/m.facebook.com\/story.php?story_fbid=1606226712781845&amp;id=167499329987931<\/div>\r\n                            <a href=\"https:\/\/combatzone.es\/index.php\/kit-cariber-de-black-hornet\/\" class=\"theme-btn btn-style-three\">Read More<\/a>\r\n                        <\/div>\r\n                    <\/div>\r\n                <\/div>\r\n                                \r\n                <div class=\"clearfix\"><\/div>\r\n                \r\n                <!--Styled Pagination-->\r\n                <div class=\"styled-pagination text-center\">\r\n                                    <\/div>\r\n                \r\n            <\/div>\r\n            \r\n            <div class=\"sidebar-side col-lg-3 col-md-4 col-sm-12 col-xs-12\">\r\n                <aside class=\"sidebar\">\r\n            \t\t\t\t\t\t\t\t<div id=\"search-2\" class=\"widget sidebar-widget widget_search\"><!-- Search -->\n<div class=\"search-box\">\n    <form action=\"https:\/\/combatzone.es\/\" method=\"get\">\n        <div class=\"form-group\">\n            <input type=\"search\" name=\"s\" value=\"\" placeholder=\"Search ...\" required>\n            <button type=\"submit\"><span class=\"icon fa fa-search\"><\/span><\/button>\n        <\/div>\n    <\/form>\n<\/div><\/div>\n\t\t<div id=\"recent-posts-2\" class=\"widget sidebar-widget widget_recent_entries\">\n\t\t<div class=\"sidebar-title\"><h3>Entradas recientes<\/h3><div class=\"separater\"><\/div><\/div>\n\t\t<ul>\n\t\t\t\t\t\t\t\t\t\t\t<li>\n\t\t\t\t\t<a href=\"https:\/\/combatzone.es\/index.php\/kit-cariber-de-black-hornet\/\">kit cariber de black hornet<\/a>\n\t\t\t\t\t\t\t\t\t<\/li>\n\t\t\t\t\t\t\t\t\t\t\t<li>\n\t\t\t\t\t<a href=\"https:\/\/combatzone.es\/index.php\/carcasa-de-granada-the-devils\/\">carcasa de granada THE DEVIL&#8217;S<\/a>\n\t\t\t\t\t\t\t\t\t<\/li>\n\t\t\t\t\t\t\t\t\t\t\t<li>\n\t\t\t\t\t<a href=\"https:\/\/combatzone.es\/index.php\/raccoon\/\">RACCOON<\/a>\n\t\t\t\t\t\t\t\t\t<\/li>\n\t\t\t\t\t<\/ul>\n\n\t\t<\/div><div id=\"recent-comments-2\" class=\"widget sidebar-widget widget_recent_comments\"><div class=\"sidebar-title\"><h3>Comentarios recientes<\/h3><div class=\"separater\"><\/div><\/div><ul id=\"recentcomments\"><li class=\"recentcomments\"><span class=\"comment-author-link\">admin<\/span> en <a href=\"https:\/\/combatzone.es\/?p=334\/#comment-24\">WordPress Pennant<\/a><\/li><li class=\"recentcomments\"><span class=\"comment-author-link\">admin<\/span> en <a href=\"https:\/\/combatzone.es\/?p=317\/#comment-8\">V-Neck T-Shirt<\/a><\/li><li class=\"recentcomments\"><span class=\"comment-author-link\">admin<\/span> en <a href=\"https:\/\/combatzone.es\/?p=331\/#comment-21\">T-Shirt with Logo<\/a><\/li><li class=\"recentcomments\"><span class=\"comment-author-link\">admin<\/span> en <a href=\"https:\/\/combatzone.es\/?p=320\/#comment-11\">T-Shirt<\/a><\/li><li class=\"recentcomments\"><span class=\"comment-author-link\">admin<\/span> en <a href=\"https:\/\/combatzone.es\/?p=324\/#comment-15\">Sunglasses<\/a><\/li><\/ul><\/div><div id=\"archives-2\" class=\"widget sidebar-widget widget_archive\"><div class=\"sidebar-title\"><h3>Archivos<\/h3><div class=\"separater\"><\/div><\/div>\n\t\t\t<ul>\n\t\t\t\t\t<li><a href='https:\/\/combatzone.es\/index.php\/2018\/05\/'>mayo 2018<\/a><\/li>\n\t\t\t<\/ul>\n\n\t\t\t<\/div>                \t                <\/aside>\r\n            <\/div>\r\n            \r\n        <\/div>\r\n        \r\n    <\/div>\r\n<\/section>\r\n<!--End Blog Page Section-->\r\n\r\n<\/div><\/div><\/div><\/div><\/section><section class=\"kc-elm kc-css-113310 kc_row\"><div class=\"kc-row-container\"><div class=\"kc-wrap-columns\"><div class=\"kc-elm kc-css-55374 kc_col-sm-12 kc_column kc_col-sm-12\"><div class=\"kc-col-container\"><!--Subscribe Section-->\n<section class=\"subscribe-section\">\n    <div class=\"auto-container\">\n        <div class=\"row clearfix\">\n            <div class=\"title-column col-md-6 col-sm-12 col-xs-12\">\n                <h2>Mantente al d\u00eda<\/h2>\n                <div class=\"text\">Suscr\u00edbete y estar\u00e1s informado de las \u00faltimas novedades<\/div>\n            <\/div>\n            <div class=\"column col-md-6 col-sm-12 col-xs-12\">\n                <div class=\"subscribe-form-two\">\n                    <form method=\"get\" action=\"http:\/\/feedburner.google.com\/fb\/a\/mailverify\" accept-charset=\"utf-8\">\n                        <div class=\"form-group\">\n                            <input type=\"hidden\" id=\"uri3\" name=\"uri\" value=\"themeforest\">\n                            <input type=\"email\" name=\"email\" value=\"\" placeholder=\"Your email address\" required>\n                            <button type=\"submit\" class=\"theme-btn\">Subscribe<\/button>\n                        <\/div>\n                    <\/form>\n                <\/div>\n            <\/div>\n        <\/div>\n    <\/div>\n<\/section>\n<!--End Subscribe Section--><\/div><\/div><\/div><\/div><\/section><\/p>\n","protected":false},"excerpt":{"rendered":"","protected":false},"author":1,"featured_media":0,"parent":0,"menu_order":0,"comment_status":"closed","ping_status":"closed","template":"tpl-king_composer.php","meta":[],"_links":{"self":[{"href":"https:\/\/combatzone.es\/index.php\/wp-json\/wp\/v2\/pages\/258"}],"collection":[{"href":"https:\/\/combatzone.es\/index.php\/wp-json\/wp\/v2\/pages"}],"about":[{"href":"https:\/\/combatzone.es\/index.php\/wp-json\/wp\/v2\/types\/page"}],"author":[{"embeddable":true,"href":"https:\/\/combatzone.es\/index.php\/wp-json\/wp\/v2\/users\/1"}],"replies":[{"embeddable":true,"href":"https:\/\/combatzone.es\/index.php\/wp-json\/wp\/v2\/comments?post=258"}],"version-history":[{"count":6,"href":"https:\/\/combatzone.es\/index.php\/wp-json\/wp\/v2\/pages\/258\/revisions"}],"predecessor-version":[{"id":1025,"href":"https:\/\/combatzone.es\/index.php\/wp-json\/wp\/v2\/pages\/258\/revisions\/1025"}],"wp:attachment":[{"href":"https:\/\/combatzone.es\/index.php\/wp-json\/wp\/v2\/media?parent=258"}],"curies":[{"name":"wp","href":"https:\/\/api.w.org\/{rel}","templated":true}]}}