{"id":170,"date":"2018-05-08T08:13:41","date_gmt":"2018-05-08T08:13:41","guid":{"rendered":"http:\/\/expert-themes.com\/wp\/global-industry\/?page_id=170"},"modified":"2021-09-22T10:36:31","modified_gmt":"2021-09-22T08:36:31","slug":"contacto","status":"publish","type":"page","link":"https:\/\/combatzone.es\/index.php\/contacto\/","title":{"rendered":"Contacto"},"content":{"rendered":"<p><section class=\"kc-elm kc-css-149865 kc_row\"><div class=\"kc-row-container\"><div class=\"kc-wrap-columns\"><div class=\"kc-elm kc-css-793554 kc_col-sm-12 kc_column kc_col-sm-12\"><div class=\"kc-col-container\"><!--Product Section-->\n<section class=\"product-section alternate\">\n    <div class=\"upper-box\" style=\"background-image:url('http:\/\/expert-themes.com\/wp\/sanat\/wp-content\/uploads\/2018\/06\/1.jpg')\">\n        <div class=\"auto-container\">\n            <h2><span class=\"theme_color\">Quienes Somos<\/span><\/h2>\n        <\/div>\n    <\/div>\n    <div class=\"auto-container\">\n        <div class=\"lower-box\">\n            <div class=\"clearfix\">\n                <!--Image Column-->\n                <div class=\"image-column col-md-6 col-sm-12 col-xs-12\">\n                    <div class=\"image\">\n                        <img src=\"http:\/\/164.138.208.164\/~combatz\/wp-content\/uploads\/2018\/08\/combatzone11.jpg\" alt=\"Footer Logo\" \/>\n                    <\/div>\n                <\/div>\n                <!--Content Column-->\n                <div class=\"content-column col-md-6 col-sm-12 col-xs-12\">\n                    <div class=\"inner-column\">\n                        <h3>combatzonetactical.com<\/h3>\n                        <div class=\"text\">\n                            Somos la tienda online de Airsoft con los precios m\u00e1s competitivos de toda la red. Busque y compare, no encontrar\u00e1 precios como los nuestros.\r\n\r\nEn nuestro amplio cat\u00e1logo podr\u00e1s encontrar toda clase de r\u00e9plicas, accesorios, complementos, repuestos y munici\u00f3n para la pr\u00e1ctica de este apasionante deporte. Tenemos siempre las mejores ofertas destinadas a los jugadores m\u00e1s exigentes.\r\n\r\nNuestro objetivo es ofrecer siempre la mejor relaci\u00f3n calidad-precio garantizando todos nuestros productos y dando siempre el mejor servicio.\r\n\r\nSomos importadores directos, trabajamos con los mejores fabricantes del continente asi\u00e1tico lo cual nos permite ofrecer siempre los mejores precios y el surtido m\u00e1s amplio en r\u00e9plicas, accesorios, repuestos y complementos t\u00e1cticos para la pr\u00e1ctica del Airsoft.\r\n\r\nS\u00f3lo vendemos lo que tenemos en stock y trabajamos con las compa\u00f1\u00edas de transporte m\u00e1s r\u00e1pidas para que nuestros env\u00edos lleguen en s\u00f3lo 24 horas.\r\n\r\nNuestro af\u00e1n de superaci\u00f3n y nuestro empe\u00f1o por la plena satisfacci\u00f3n de la clientela nos permite seguir destacando en un sector tan competitivo como es el mundo del Airsoft, ya no s\u00f3lo como tienda online, sino tambi\u00e9n como distribuidores a nivel nacional.\r\n\r\nPara cualquier clase de consulta o sugerencia no dudes en escribirnos un e-mail o rellena el formulario de contacto.                        <\/div>\n                        <div class=\"row clearfix\">\n                            <div class=\"column col-md-6 col-sm-6 col-xs-12\">\n                                <ul class=\"list-style-one\">\n                                                                                                            <li><span class=\"icon flaticon-tool\"><\/span>Precios bajos<\/li>\n                                                                                                            <li><span class=\"icon flaticon-mechanic\"><\/span>Amplio Cat\u00e1logo<\/li>\n                                                                                                        <\/ul>\n                            <\/div>\n                            <div class=\"column col-md-6 col-sm-6 col-xs-12\">\n                                <ul class=\"list-style-one\">\n                                                                        <li><span class=\"icon flaticon-clock-2\"><\/span>Entrega r\u00e1pida<\/li>\n                                                                                                            <li><span class=\"icon flaticon-megaphone\"><\/span>Atenci\u00f3n Telef\u00f3nica<\/li>\n                                                                    <\/ul>\n                            <\/div>\n                        <\/div>\n                    <\/div>\n                <\/div>\n            <\/div>\n        <\/div>\n    <\/div>\n<\/section>\n<!--End Product Section--><\/div><\/div><\/div><\/div><\/section><section class=\"kc-elm kc-css-54901 kc_row\"><div class=\"kc-row-container  kc-container\"><div class=\"kc-wrap-columns\"><div class=\"kc-elm kc-css-994352 kc_col-sm-12 kc_column kc_col-sm-12\"><div class=\"kc-col-container\"><!--Contact Info Section-->\n<section class=\"contact-info-section\">\n    <div class=\"auto-container\">\n        <div class=\"row clearfix\">\n            \n            <!--Info Column-->\n            <div class=\"info-column col-md-4 col-sm-12 col-xs-12\">\n                <div class=\"inner-column\">\n                    <div class=\"logo\">\n                        <a href=\"https:\/\/combatzone.es\/\"><img src=\"https:\/\/combatzonetactical.com\/wp-content\/uploads\/2020\/04\/CombatZone-LogoB.png\" alt=\"Logo\" \/><\/a>\n                    <\/div>\n                    <div class=\"text\">Nuestro Servicio de Atenci\u00f3n Telef\u00f3nica est\u00e1 a tu disposici\u00f3n para solventar o proporcionarte mayor informaci\u00f3n acerca de nuestros art\u00edculos, cuestiones t\u00e9cnicas, sistema de compra web, env\u00edos y toda clase de dudas de car\u00e1cter general. Tu opini\u00f3n es muy importante para nosotros. Nos ser\u00e1 de gran ayuda para mejorar d\u00eda a d\u00eda nuestro la calidad de nuestro servicio.<\/div>\n                    <!--List Style Three-->\n                    <ul class=\"list-style-three\">\n                                                \t<li><span class=\"icon flaticon-telephone\"><\/span><strong>+34 925 306 617<\/strong>Lunes a Viernes de 10:00-14:00 y 15:00 a 18:00<\/li>\n                                                \t<li><span class=\"icon flaticon-note\"><\/span><strong>info@combatzone.es<\/strong>Le respondemos en 24h<\/li>\n                                                \t<li><span class=\"icon fa-map-marker\"><\/span>C\/ Costa del Sol, 82 \r\n45210 Yuncos (Toledo)<\/li>\n                                            <\/ul>\n                <\/div>\n            <\/div>\n            <!--Form Column-->\n            <div class=\"form-column col-md-8 col-sm-12 col-xs-12\">\n                <div class=\"inner-column\">\n                    <div class=\"sec-title\">\n                        <h2>Cont\u00e1ctanos<\/h2>\n                        <div class=\"separater\"><\/div>\n                    <\/div>\n                    <!-- Default Form -->\n                    <div class=\"default-form\">\n                        [contact-form-7 id=\"169\" title=\"Contact Us Form\"]                    <\/div>\n                    <!--End Default Form -->\n                <\/div>\n            <\/div>\n            \n        <\/div>\n    <\/div>\n<\/section>\n<!--End Contact Info Section--><\/div><\/div><\/div><\/div><\/section><section class=\"kc-elm kc-css-640216 kc_row\"><div class=\"kc-row-container\"><div class=\"kc-wrap-columns\"><div class=\"kc-elm kc-css-100877 kc_col-sm-12 kc_column kc_col-sm-12\"><div class=\"kc-col-container\">\n<!--Map Section-->\n<section class=\"contact-map-section\">\n    <!--Map Outer-->\n    <div class=\"map-outer\">\n        <!--Map Canvas-->\n        <div class=\"map-canvas\"\n            data-zoom=\"12\"\n            data-lat=\"40.07243\"\n            data-lng=\"-3.8945987\"\n            data-type=\"roadmap\"\n            data-hue=\"#ffc400\"\n            data-title=\"COMBAT ZONE TACTICAL\"\n            data-icon-path=\"http:\/\/expert-themes.com\/wp\/sanat\/wp-content\/uploads\/2018\/05\/map-marker-1.png\"\n            data-content=\"C\/ Costa del Sol, 82 45210 Yuncos (Toledo)<br><a href='mailto:info@combatzone.com'>info@combatzone.com<\/a>\">\n        <\/div>\n    <\/div>\n    \n    <!--Map Info Box-->\n        \n    \n<\/section>\n<!--End Map Section--><\/div><\/div><\/div><\/div><\/section><section data-kc-fullwidth=\"content\" class=\"kc-elm kc-css-610935 kc_row\"><div class=\"kc-row-container\"><div class=\"kc-wrap-columns\"><div class=\"kc-elm kc-css-194757 kc_col-sm-12 kc_column kc_col-sm-12\"><div class=\"kc-col-container\"><!--Subscribe Section-->\n<section class=\"subscribe-section\">\n    <div class=\"auto-container\">\n        <div class=\"row clearfix\">\n            <div class=\"title-column col-md-6 col-sm-12 col-xs-12\">\n                <h2>Mantente al d\u00eda<\/h2>\n                <div class=\"text\">Suscr\u00edbete y estar\u00e1s informado de las \u00faltimas novedades<\/div>\n            <\/div>\n            <div class=\"column col-md-6 col-sm-12 col-xs-12\">\n                <div class=\"subscribe-form-two\">\n                    <form method=\"get\" action=\"http:\/\/feedburner.google.com\/fb\/a\/mailverify\" accept-charset=\"utf-8\">\n                        <div class=\"form-group\">\n                            <input type=\"hidden\" id=\"uri3\" name=\"uri\" value=\"themeforest\">\n                            <input type=\"email\" name=\"email\" value=\"\" placeholder=\"Your email address\" required>\n                            <button type=\"submit\" class=\"theme-btn\">Subscribe<\/button>\n                        <\/div>\n                    <\/form>\n                <\/div>\n            <\/div>\n        <\/div>\n    <\/div>\n<\/section>\n<!--End Subscribe Section--><\/div><\/div><\/div><\/div><\/section><section class=\"kc-elm kc-css-635319 kc_row\"><div class=\"kc-row-container  kc-container\"><div class=\"kc-wrap-columns\"><div class=\"kc-elm kc-css-59334 kc_col-sm-12 kc_column kc_col-sm-12\"><div class=\"kc-col-container\"><\/div><\/div><\/div><\/div><\/section><\/p>\n","protected":false},"excerpt":{"rendered":"","protected":false},"author":1,"featured_media":0,"parent":0,"menu_order":0,"comment_status":"closed","ping_status":"closed","template":"tpl-king_composer.php","meta":[],"_links":{"self":[{"href":"https:\/\/combatzone.es\/index.php\/wp-json\/wp\/v2\/pages\/170"}],"collection":[{"href":"https:\/\/combatzone.es\/index.php\/wp-json\/wp\/v2\/pages"}],"about":[{"href":"https:\/\/combatzone.es\/index.php\/wp-json\/wp\/v2\/types\/page"}],"author":[{"embeddable":true,"href":"https:\/\/combatzone.es\/index.php\/wp-json\/wp\/v2\/users\/1"}],"replies":[{"embeddable":true,"href":"https:\/\/combatzone.es\/index.php\/wp-json\/wp\/v2\/comments?post=170"}],"version-history":[{"count":17,"href":"https:\/\/combatzone.es\/index.php\/wp-json\/wp\/v2\/pages\/170\/revisions"}],"predecessor-version":[{"id":1105,"href":"https:\/\/combatzone.es\/index.php\/wp-json\/wp\/v2\/pages\/170\/revisions\/1105"}],"wp:attachment":[{"href":"https:\/\/combatzone.es\/index.php\/wp-json\/wp\/v2\/media?parent=170"}],"curies":[{"name":"wp","href":"https:\/\/api.w.org\/{rel}","templated":true}]}}